{"id":1608,"date":"2021-05-05T15:52:09","date_gmt":"2021-05-05T13:52:09","guid":{"rendered":"https:\/\/www2.gzelger.com\/?page_id=1608"},"modified":"2022-04-01T13:05:06","modified_gmt":"2022-04-01T11:05:06","slug":"privacy","status":"publish","type":"page","link":"https:\/\/www2.gzelger.com\/it\/privacy\/","title":{"rendered":"Informativa sulla privacy"},"content":{"rendered":"<p>[vc_row css=&#8221;.vc_custom_1619104445132{margin-top: 50px !important;}&#8221;][vc_column width=&#8221;2\/3&#8243;]<div class=\"dt-fancy-separator title-left text-big title-color\" style=\"width: 100%;\"><div class=\"dt-fancy-title\"><span class=\"separator-holder separator-left\"><\/span>INFORMATIVA SULLA PRIVACY del sito www.gzelger.com<span class=\"separator-holder separator-right\"><\/span><\/div><\/div>[vc_column_text css=&#8221;.vc_custom_1620223493135{margin-top: 50px !important;}&#8221;]<strong>INFORMATIVA SITO WEB AI SENSI DELL\u2019ART. 13 DEL GDPR 2016\/679<\/strong><\/p>\n<p>Il presente documento intende fornire informazioni circa il trattamento, le finalit\u00e0, le modalit\u00e0 ed in generale la gestione dei dati raccolti tramite il sito web www.gzelger.com. La presente policy riguarda <strong>unicamente la presente pagina web<\/strong>, escludendo quindi ulteriori pagine visitabili tramite collegamento (link).<\/p>\n<p>In considerazione di ci\u00f2 ai sensi dell\u2019art. 13 del Regolamento Europeo 2016\/679 la informiamo circa quanto segue.<\/p>\n<p><strong>Titolare del trattamento e diritti dell\u2019interessato<\/strong>. Titolare del trattamento \u00e8 il M&amp;M Zelger Srl, con sede in Via degli Olmi 1 \u2013 39040 ORA, al quale potr\u00e0 rivolgersi per ogni informazione nonch\u00e9 per l\u2019esercizio dei Suoi diritti previsti dalla normativa (accesso ai dati, cancellazione, rettificazione o limitazione del trattamento). Pu\u00f2 contattare il Titolare del Trattamento all\u2019indirizzo e-mail <a href=\"mailto:info@gzelger.com\">info@gzelger.com<\/a>. \u00c8 inoltre Sua facolt\u00e0 rivolgersi all\u2019autorit\u00e0 di controllo laddove ritenga che i Suoi dati siano stati trattati in modo illegittimo o non conforme. La nostra societ\u00e0 garantisce nell\u2019ambito delle previsioni normative che il trattamento dei dati personali si svolge nel rispetto dei diritti e delle libert\u00e0 fondamentali, nonch\u00e9 della dignit\u00e0 dell\u2019interessato, con particolare riferimento alla riservatezza, all\u2019identit\u00e0 personale e al diritto alla protezione dei dati personali.<\/p>\n<p><strong>Natura del trattamento<\/strong>. I dati oggetto di trattamento attraverso il sito web sono dati personali di natura comune (a titolo esemplificativo e non esaustivo e-mail, dati anagrafici etc.) ed in generale tutti quei dati che sono necessari per dare seguito alle richieste pervenute. In nessun caso la nostra struttura tratter\u00e0 senza preventivo consenso dati di natura particolare definiti dall\u2019art. 9 del Regolamento Europeo 2016\/679 (es. stati di salute, opinioni politiche, orientamenti sessuali etc.) o dati personali relativi a condanne penali o reati, art. 10 del medesimo Regolamento Europeo.<\/p>\n<p><strong>Finalit\u00e0 del trattamento<\/strong>. Il trattamento dati sar\u00e0 finalizzato per dare riscontro agli utenti che visitano il nostro sito web rispetto alle eventuali richieste pervenute. In particolare, i dati da Lei inseriti nella sezione \u201cRichiesta\u201d saranno trattati con la finalit\u00e0 di dar seguito alla richiesta da Lei inviata. I dati conferiti saranno inoltre trattati per adempimenti legali, fiscali e contabili nonch\u00e9 per consentire una gestione del rapporto commerciale tra le parti. Per queste finalit\u00e0 il conferimento dei dati \u00e8 da intendersi come obbligatorio, ed un mancato conferimento comporter\u00e0 l\u2019impossibilit\u00e0 di dare esecuzione a quanto indicato.<\/p>\n<p>Previo suo specifico consenso, i dati inseriti in tale sezione potranno essere utilizzati anche per l\u2019invio di materiale informativo e promozionale.<\/p>\n<p>I dati personali da Lei inseriti nella sezione \u201cLavora con noi\u201d saranno trattati al fine di dar seguito alla Sua candidatura. Il conferimento dei dati \u00e8 obbligatorio, un mancato conferimento comporter\u00e0 l\u2019impossibilit\u00e0 di proseguire con la candidatura. Per quanto attiene alla gestione dei cookie si rimanda alla successiva sezione \u201cCookie policy\u201d.<\/p>\n<p><strong>Modalit\u00e0 di trattamento<\/strong>. I dati raccolti, verranno trattati con modalit\u00e0 cartacee e con strumenti elettronici. Comunque, il trattamento sar\u00e0 effettuato nell\u2019osservanza di ogni misura cautelativa, che ne garantisca la sicurezza e la riservatezza.<\/p>\n<p><strong>Conservazione dei dati.<\/strong> I dati saranno conservati per il periodo necessario per rispondere alla richiesta e successivamente sar\u00e0 eliminato. Nel caso in cui vengano richiesti preventivi il dato sar\u00e0 registrato all\u2019interno dei sistemi al fine di dare seguito alla richiesta ricevuta.<\/p>\n<p><strong>Comunicazione dei dati a terzi<\/strong>. I dati non verranno in alcun modo diffusi, e potranno essere trattati da incaricati interni alla struttura per poter compiere le operazioni di trattamento legate alla richiesta ricevuta, consulenti fiscali, istituti di credito, spedizionieri che eseguono prestazioni accessorie rispetto ai servizi da noi offerti. In virt\u00f9 della partecipazione di questi soggetti all\u2019attivit\u00e0 del Titolare del trattamento per l\u2019erogazione del servizio la comunicazione dei dati risulta di natura obbligatoria. Una mancata comunicazione comporterebbe infatti l\u2019impossibilit\u00e0 di eseguire l\u2019incarico o la prestazione concordata.<\/p>\n<p><strong>Trasferimento dei dati.<\/strong> I dati raccolti tramite sito web non saranno in alcun modo trasferiti o comunicati verso Paesi UE o verso paesi terzi al di fuori dell\u2019Unione Europea.<\/p>\n<p><strong>Processi decisionali automatizzati.<\/strong> Le comunichiamo infine che i Suoi dati non sono inseriti in processi decisionali automatizzati.<\/p>\n<p>La presente policy potr\u00e0 essere oggetto di integrazioni e modifiche in caso di aggiornamenti normativi a cura del Titolare del trattamento.<\/p>\n<p>****<\/p>\n<p><strong>Banner al primo accesso.<\/strong> Il banner che appare sulla pagina web al primo accesso, fornisce all\u2019utente indicazioni essenziali circa le modalit\u00e0 di gestione dei cookie del sito, rimandando alla privacy policy completa. L\u2019utente potr\u00e0 esprimere il proprio consenso all\u2019utilizzo dei cookie tramite il tasto \u201cAccetto\u201d presente sul Banner. Tali dati relativi alla scelta dell\u2019utente circa la gestione dei cookie sono memorizzati tramite un cookie tecnico.[\/vc_column_text][\/vc_column][vc_column width=&#8221;1\/3&#8243;][\/vc_column][\/vc_row][vc_row][vc_column][\/vc_column][\/vc_row]<\/p>\n","protected":false},"excerpt":{"rendered":"<p>[vc_row css=&#8221;.vc_custom_1619104445132{margin-top: 50px !important;}&#8221;][vc_column width=&#8221;2\/3&#8243;][vc_column_text css=&#8221;.vc_custom_1620223493135{margin-top: 50px !important;}&#8221;]INFORMATIVA SITO WEB AI SENSI DELL\u2019ART. 13 DEL GDPR 2016\/679 Il presente documento intende fornire informazioni circa il trattamento, le finalit\u00e0, le modalit\u00e0 ed in generale la gestione dei dati raccolti tramite il sito web www.gzelger.com. La presente policy riguarda unicamente la presente pagina web, escludendo quindi ulteriori&hellip;<\/p>\n","protected":false},"author":1,"featured_media":0,"parent":0,"menu_order":0,"comment_status":"closed","ping_status":"open","template":"","meta":{"footnotes":""},"class_list":["post-1608","page","type-page","status-publish","hentry","description-off"],"_links":{"self":[{"href":"https:\/\/www2.gzelger.com\/it\/wp-json\/wp\/v2\/pages\/1608"}],"collection":[{"href":"https:\/\/www2.gzelger.com\/it\/wp-json\/wp\/v2\/pages"}],"about":[{"href":"https:\/\/www2.gzelger.com\/it\/wp-json\/wp\/v2\/types\/page"}],"author":[{"embeddable":true,"href":"https:\/\/www2.gzelger.com\/it\/wp-json\/wp\/v2\/users\/1"}],"replies":[{"embeddable":true,"href":"https:\/\/www2.gzelger.com\/it\/wp-json\/wp\/v2\/comments?post=1608"}],"version-history":[{"count":7,"href":"https:\/\/www2.gzelger.com\/it\/wp-json\/wp\/v2\/pages\/1608\/revisions"}],"predecessor-version":[{"id":1630,"href":"https:\/\/www2.gzelger.com\/it\/wp-json\/wp\/v2\/pages\/1608\/revisions\/1630"}],"wp:attachment":[{"href":"https:\/\/www2.gzelger.com\/it\/wp-json\/wp\/v2\/media?parent=1608"}],"curies":[{"name":"wp","href":"https:\/\/api.w.org\/{rel}","templated":true}]}}